{"id":226,"date":"2022-11-18T13:24:30","date_gmt":"2022-11-18T13:24:30","guid":{"rendered":"https:\/\/party-park.fr\/site\/?page_id=226"},"modified":"2022-11-18T14:53:41","modified_gmt":"2022-11-18T14:53:41","slug":"organisez-votre-evenement-en-ligne","status":"publish","type":"page","link":"https:\/\/party-park.fr\/site\/fr\/organisez-votre-evenement-en-ligne\/","title":{"rendered":"Organisez votre \u00e9v\u00e8nement en ligne"},"content":{"rendered":"\n<p>Besoin d&rsquo;aide pour cr\u00e9er votre gros \u00e9v\u00e8nement en ligne ? Pour cr\u00e9er un monde sur mesure ?  <\/p>\n\n\n\n<p>Contactez notre \u00e9quipe d&rsquo;organisateurs d&rsquo;\u00e9v\u00e8nement, d&rsquo;animateurs et d&rsquo;architectes du m\u00e9taverse \u00e0 votre disposition : contact@gouttedevie.com<\/p>\n\n\n\n<p>Nous nous ferons un plaisir de vous accompagner \u00e0 chaque \u00e9tape de l&rsquo;organisation de votre \u00e9v\u00e8nement ou de la cr\u00e9ation de votre univers permanent en ligne.<\/p>\n\n\n\n<p><\/p>\n\n\n\n<p><\/p>\n\n\n<div class=\"wp-block-image\">\n<figure class=\"aligncenter size-large\"><img loading=\"lazy\" decoding=\"async\" width=\"1024\" height=\"577\" src=\"https:\/\/party-park.fr\/site\/wp-content\/uploads\/2022\/11\/Histoire-Alors-que-vous-alliez-commencer-une-visioconference-entre-collegues-lun-dentre-vous-manque-a-lappel...-5-1024x577.png\" alt=\"\" class=\"wp-image-163\" srcset=\"https:\/\/party-park.fr\/site\/wp-content\/uploads\/2022\/11\/Histoire-Alors-que-vous-alliez-commencer-une-visioconference-entre-collegues-lun-dentre-vous-manque-a-lappel...-5-1024x577.png 1024w, https:\/\/party-park.fr\/site\/wp-content\/uploads\/2022\/11\/Histoire-Alors-que-vous-alliez-commencer-une-visioconference-entre-collegues-lun-dentre-vous-manque-a-lappel...-5-300x169.png 300w, https:\/\/party-park.fr\/site\/wp-content\/uploads\/2022\/11\/Histoire-Alors-que-vous-alliez-commencer-une-visioconference-entre-collegues-lun-dentre-vous-manque-a-lappel...-5-768x433.png 768w, https:\/\/party-park.fr\/site\/wp-content\/uploads\/2022\/11\/Histoire-Alors-que-vous-alliez-commencer-une-visioconference-entre-collegues-lun-dentre-vous-manque-a-lappel...-5-1536x865.png 1536w, https:\/\/party-park.fr\/site\/wp-content\/uploads\/2022\/11\/Histoire-Alors-que-vous-alliez-commencer-une-visioconference-entre-collegues-lun-dentre-vous-manque-a-lappel...-5-1140x642.png 1140w, https:\/\/party-park.fr\/site\/wp-content\/uploads\/2022\/11\/Histoire-Alors-que-vous-alliez-commencer-une-visioconference-entre-collegues-lun-dentre-vous-manque-a-lappel...-5.png 1640w\" sizes=\"auto, (max-width: 1024px) 100vw, 1024px\" \/><\/figure>\n<\/div>","protected":false},"excerpt":{"rendered":"<p>Besoin d&rsquo;aide pour cr\u00e9er votre gros \u00e9v\u00e8nement en ligne ? Pour cr\u00e9er un monde sur mesure ? Contactez notre \u00e9quipe d&rsquo;organisateurs d&rsquo;\u00e9v\u00e8nement, d&rsquo;animateurs et d&rsquo;architectes du m\u00e9taverse \u00e0 votre disposition : contact@gouttedevie.com Nous nous ferons un plaisir de vous accompagner \u00e0 chaque \u00e9tape de l&rsquo;organisation de votre \u00e9v\u00e8nement ou de la cr\u00e9ation de votre univers permanent en ligne.<\/p>\n","protected":false},"author":1,"featured_media":0,"parent":0,"menu_order":0,"comment_status":"closed","ping_status":"closed","template":"","meta":{"footnotes":""},"class_list":["post-226","page","type-page","status-publish","hentry"],"_links":{"self":[{"href":"https:\/\/party-park.fr\/site\/wp-json\/wp\/v2\/pages\/226","targetHints":{"allow":["GET"]}}],"collection":[{"href":"https:\/\/party-park.fr\/site\/wp-json\/wp\/v2\/pages"}],"about":[{"href":"https:\/\/party-park.fr\/site\/wp-json\/wp\/v2\/types\/page"}],"author":[{"embeddable":true,"href":"https:\/\/party-park.fr\/site\/wp-json\/wp\/v2\/users\/1"}],"replies":[{"embeddable":true,"href":"https:\/\/party-park.fr\/site\/wp-json\/wp\/v2\/comments?post=226"}],"version-history":[{"count":2,"href":"https:\/\/party-park.fr\/site\/wp-json\/wp\/v2\/pages\/226\/revisions"}],"predecessor-version":[{"id":232,"href":"https:\/\/party-park.fr\/site\/wp-json\/wp\/v2\/pages\/226\/revisions\/232"}],"wp:attachment":[{"href":"https:\/\/party-park.fr\/site\/wp-json\/wp\/v2\/media?parent=226"}],"curies":[{"name":"wp","href":"https:\/\/api.w.org\/{rel}","templated":true}]}}